{"id":220,"date":"2020-06-29T23:15:30","date_gmt":"2020-06-29T21:15:30","guid":{"rendered":"http:\/\/hofmann-spedition.de\/cms\/?page_id=220"},"modified":"2021-02-24T21:31:51","modified_gmt":"2021-02-24T20:31:51","slug":"news","status":"publish","type":"page","link":"https:\/\/www.hofmann-spedition.de\/cms\/news\/","title":{"rendered":"News"},"content":{"rendered":"\t\t<div data-elementor-type=\"wp-page\" data-elementor-id=\"220\" class=\"elementor elementor-220\">\n\t\t\t\t\t\t<div class=\"elementor-inner\">\n\t\t\t\t<div class=\"elementor-section-wrap\">\n\t\t\t\t\t\t\t\t\t<section class=\"elementor-section elementor-top-section elementor-element elementor-element-28245a97 elementor-section-boxed elementor-section-height-default elementor-section-height-default\" data-id=\"28245a97\" data-element_type=\"section\">\n\t\t\t\t\t\t<div class=\"elementor-container elementor-column-gap-default\">\n\t\t\t\t\t\t\t<div class=\"elementor-row\">\n\t\t\t\t\t<div class=\"elementor-column elementor-col-100 elementor-top-column elementor-element elementor-element-e4b076d\" data-id=\"e4b076d\" data-element_type=\"column\">\n\t\t\t<div class=\"elementor-column-wrap elementor-element-populated\">\n\t\t\t\t\t\t\t<div class=\"elementor-widget-wrap\">\n\t\t\t\t\t\t<div class=\"elementor-element elementor-element-28e407c elementor-widget elementor-widget-heading\" data-id=\"28e407c\" data-element_type=\"widget\" data-widget_type=\"heading.default\">\n\t\t\t\t<div class=\"elementor-widget-container\">\n\t\t\t<h1 class=\"elementor-heading-title elementor-size-default\">News<\/h1>\t\t<\/div>\n\t\t\t\t<\/div>\n\t\t\t\t\t\t<\/div>\n\t\t\t\t\t<\/div>\n\t\t<\/div>\n\t\t\t\t\t\t\t\t<\/div>\n\t\t\t\t\t<\/div>\n\t\t<\/section>\n\t\t\t\t<section class=\"elementor-section elementor-top-section elementor-element elementor-element-01d1d30 elementor-section-boxed elementor-section-height-default elementor-section-height-default\" data-id=\"01d1d30\" data-element_type=\"section\">\n\t\t\t\t\t\t<div class=\"elementor-container elementor-column-gap-default\">\n\t\t\t\t\t\t\t<div class=\"elementor-row\">\n\t\t\t\t\t<div class=\"elementor-column elementor-col-100 elementor-top-column elementor-element elementor-element-7720121\" data-id=\"7720121\" data-element_type=\"column\">\n\t\t\t<div class=\"elementor-column-wrap elementor-element-populated\">\n\t\t\t\t\t\t\t<div class=\"elementor-widget-wrap\">\n\t\t\t\t\t\t<div class=\"elementor-element elementor-element-d2b69b2 elementor-widget elementor-widget-text-editor\" data-id=\"d2b69b2\" data-element_type=\"widget\" data-widget_type=\"text-editor.default\">\n\t\t\t\t<div class=\"elementor-widget-container\">\n\t\t\t\t\t\t\t\t<div class=\"elementor-text-editor elementor-clearfix\">\n\t\t\t\t<style id=\"sp_pcp_dynamic_style1940\">#pcp_wrapper-1940 .sp-pcp-row{ margin-right: -15px;margin-left: -15px;}#pcp_wrapper-1940 .sp-pcp-row [class*='sp-pcp-col-']{padding-right: 15px;padding-left: 15px;padding-bottom: 30px;}.pcp-wrapper-1940 .sp-pcp-title a {color: #fbb900;display: inherit;} .pcp-wrapper-1940 .sp-pcp-title a:hover {color: #f9db86;}.pcp-wrapper-1940 .sp-pcp-post-content{color: #e2e2e2; }#pcp_wrapper-1940 .sp-pcp-post {padding: 15px 15px 15px 15px;}#pcp_wrapper-1940 .sp-pcp-post {border: 0px solid #dd9933;}#pcp_wrapper-1940 .sp-pcp-post {border-radius: 0px;}#pcp_wrapper-1940 .sp-pcp-post{background-color: #0b367f;}.pcp-wrapper-1940 .sp-pcp-post-meta li,.pcp-wrapper-1940 .sp-pcp-post-meta ul,.pcp-wrapper-1940 .sp-pcp-post-meta li a{color: #888;}.pcp-wrapper-1940 .sp-pcp-post-meta li a:hover{color: #e1624b;}#pcp_wrapper-1940 .pcp-readmore-link{ background: transparent; color: #fbb900; border-color: #fbb900; } #pcp_wrapper-1940 .pcp-readmore-link:hover { background: #fbb900; color: #fff; border-color: #fbb900; }#pcp_wrapper-1940 .pcp-post-pagination .page-numbers.current, #pcp_wrapper-1940 .pcp-post-pagination a.active , #pcp_wrapper-1940 .pcp-post-pagination a:hover{ color: #ffffff; background: #fbb900; border-color: #fbb900; }#pcp_wrapper-1940 .pcp-post-pagination .page-numbers, .pcp-post-pagination a{ background: #ffffff; color:#5e5e5e; border-color: #bbbbbb; }<\/style>\n<div id=\"pcp_wrapper-1940\" class=\"sp-pcp-section sp-pcp-container pcp-wrapper-1940\">\n<div id=\"pcp-preloader\" class=\"pcp-preloader\"><\/div>\n\t\t<div class=\"sp-pcp-row\">\n\t\t\t\t<div class=\" sp-pcp-col-xs-1 sp-pcp-col-sm-2 sp-pcp-col-md-2 sp-pcp-col-lg-3 sp-pcp-col-xl-3\">\n\t\t\t<div class=\"sp-pcp-post pcp-item-5677\" data-id=\"5677\">\n\t\t\t\t\t\t\t\t<div class=\"pcp-post-thumb-wrapper\">\n\t\t\t\t\t<div class=\"sp-pcp-post-thumb-area\">\n\t\t\t\t\t\t\t\t\t\t\t\t<a class=\"sp-pcp-thumb\" href=\"https:\/\/www.hofmann-spedition.de\/cms\/ostergruesse\/\" target=\"_self\" rel=nofollow>\n\t\t\t\t\t\t\t\t\t\t\t\t\t<img loading=\"lazy\" decoding=\"async\" src=\"https:\/\/www.hofmann-spedition.de\/cms\/wp-content\/uploads\/2026\/04\/Ostern-2025_News.jpg\" width=\"768\" height=\"576\" alt=\"\">\n\t\t\t\t\t\t<\/a>\n\t\t\t\t\t<\/div>\n\t\t\t\t<\/div>\n\t\t\t\t\t\t\t<h1 class=\"sp-pcp-title\">\n\t\t\t\t\t\t\t\t\t<a href=\"https:\/\/www.hofmann-spedition.de\/cms\/ostergruesse\/\" rel=nofollow target=\"_self\">Ostergr\u00fc\u00dfe<\/a>\t\t\t\t\t\t\t<\/h1>\n\t\t\t\t\t\t<div class=\"sp-pcp-post-content\">\n\t\t\t<p>Das Team von Hofmann w\u00fcnscht euch und euren Familien ein wundersch\u00f6nes Osterfest, erholsame Feiertage und viele sonnige Fr\u00fchlingsmomente!<\/p>\n\t\t<div class=\"sp-pcp-readmore\">\n\t\t\t\t\t\t\t<a class=\"pcp-readmore-link\" target=\"_self\" href=\"https:\/\/www.hofmann-spedition.de\/cms\/ostergruesse\/\" rel=nofollow>\n\t\t\t\t\t\tmehr <\/a>\n\t\t<\/div>\n\t\t\t\t\t<\/div>\n\t\t\t\t\t\t<\/div>\n\t\t<\/div>\n\t\t\t\t<div class=\" sp-pcp-col-xs-1 sp-pcp-col-sm-2 sp-pcp-col-md-2 sp-pcp-col-lg-3 sp-pcp-col-xl-3\">\n\t\t\t<div class=\"sp-pcp-post pcp-item-5658\" data-id=\"5658\">\n\t\t\t\t\t\t\t\t<div class=\"pcp-post-thumb-wrapper\">\n\t\t\t\t\t<div class=\"sp-pcp-post-thumb-area\">\n\t\t\t\t\t\t\t\t\t\t\t\t<a class=\"sp-pcp-thumb\" href=\"https:\/\/www.hofmann-spedition.de\/cms\/azubi-event\/\" target=\"_self\" rel=nofollow>\n\t\t\t\t\t\t\t\t\t\t\t\t\t<img loading=\"lazy\" decoding=\"async\" src=\"https:\/\/www.hofmann-spedition.de\/cms\/wp-content\/uploads\/2026\/03\/Azubi-Event-1.jpg\" width=\"768\" height=\"576\" alt=\"\">\n\t\t\t\t\t\t<\/a>\n\t\t\t\t\t<\/div>\n\t\t\t\t<\/div>\n\t\t\t\t\t\t\t<h1 class=\"sp-pcp-title\">\n\t\t\t\t\t\t\t\t\t<a href=\"https:\/\/www.hofmann-spedition.de\/cms\/azubi-event\/\" rel=nofollow target=\"_self\">Azubi-Event<\/a>\t\t\t\t\t\t\t<\/h1>\n\t\t\t\t\t\t<div class=\"sp-pcp-post-content\">\n\t\t\t<p>Gestern hatten wir ein super Azubi-Event! Zuerst ging\u2019s gemeinsam 3D Minigolf spielen \u26f3 \u2013 Spa\u00df, Lachen und kleine Challenges inklusive. Danach<\/p>\n\t\t<div class=\"sp-pcp-readmore\">\n\t\t\t\t\t\t\t<a class=\"pcp-readmore-link\" target=\"_self\" href=\"https:\/\/www.hofmann-spedition.de\/cms\/azubi-event\/\" rel=nofollow>\n\t\t\t\t\t\tmehr <\/a>\n\t\t<\/div>\n\t\t\t\t\t<\/div>\n\t\t\t\t\t\t<\/div>\n\t\t<\/div>\n\t\t\t\t<div class=\" sp-pcp-col-xs-1 sp-pcp-col-sm-2 sp-pcp-col-md-2 sp-pcp-col-lg-3 sp-pcp-col-xl-3\">\n\t\t\t<div class=\"sp-pcp-post pcp-item-5643\" data-id=\"5643\">\n\t\t\t\t\t\t\t\t<div class=\"pcp-post-thumb-wrapper\">\n\t\t\t\t\t<div class=\"sp-pcp-post-thumb-area\">\n\t\t\t\t\t\t\t\t\t\t\t\t<a class=\"sp-pcp-thumb\" href=\"https:\/\/www.hofmann-spedition.de\/cms\/erste-hilfe-kurs\/\" target=\"_self\" rel=nofollow>\n\t\t\t\t\t\t\t\t\t\t\t\t\t<img loading=\"lazy\" decoding=\"async\" src=\"https:\/\/www.hofmann-spedition.de\/cms\/wp-content\/uploads\/2026\/03\/Erste-Hilfe-Kurs.png\" width=\"768\" height=\"576\" alt=\"\">\n\t\t\t\t\t\t<\/a>\n\t\t\t\t\t<\/div>\n\t\t\t\t<\/div>\n\t\t\t\t\t\t\t<h1 class=\"sp-pcp-title\">\n\t\t\t\t\t\t\t\t\t<a href=\"https:\/\/www.hofmann-spedition.de\/cms\/erste-hilfe-kurs\/\" rel=nofollow target=\"_self\">Erste Hilfe Kurs<\/a>\t\t\t\t\t\t\t<\/h1>\n\t\t\t\t\t\t<div class=\"sp-pcp-post-content\">\n\t\t\t<p>Am vergangenen Samstag stand bei uns der zweite von drei Erste-Hilfe-Kursen an. F\u00fcr uns ist klar: Erste Hilfe ist kein \u201eNice to have\u201c, sondern<\/p>\n\t\t<div class=\"sp-pcp-readmore\">\n\t\t\t\t\t\t\t<a class=\"pcp-readmore-link\" target=\"_self\" href=\"https:\/\/www.hofmann-spedition.de\/cms\/erste-hilfe-kurs\/\" rel=nofollow>\n\t\t\t\t\t\tmehr <\/a>\n\t\t<\/div>\n\t\t\t\t\t<\/div>\n\t\t\t\t\t\t<\/div>\n\t\t<\/div>\n\t\t\t\t<div class=\" sp-pcp-col-xs-1 sp-pcp-col-sm-2 sp-pcp-col-md-2 sp-pcp-col-lg-3 sp-pcp-col-xl-3\">\n\t\t\t<div class=\"sp-pcp-post pcp-item-5601\" data-id=\"5601\">\n\t\t\t\t\t\t\t\t<div class=\"pcp-post-thumb-wrapper\">\n\t\t\t\t\t<div class=\"sp-pcp-post-thumb-area\">\n\t\t\t\t\t\t\t\t\t\t\t\t<a class=\"sp-pcp-thumb\" href=\"https:\/\/www.hofmann-spedition.de\/cms\/unternehmenskultur\/\" target=\"_self\" rel=nofollow>\n\t\t\t\t\t\t\t\t\t\t\t\t\t<img loading=\"lazy\" decoding=\"async\" src=\"https:\/\/www.hofmann-spedition.de\/cms\/wp-content\/uploads\/2026\/03\/Teamleiter-Event-scaled.jpg\" width=\"2560\" height=\"1920\" alt=\"\">\n\t\t\t\t\t\t<\/a>\n\t\t\t\t\t<\/div>\n\t\t\t\t<\/div>\n\t\t\t\t\t\t\t<h1 class=\"sp-pcp-title\">\n\t\t\t\t\t\t\t\t\t<a href=\"https:\/\/www.hofmann-spedition.de\/cms\/unternehmenskultur\/\" rel=nofollow target=\"_self\">Unternehmenskultur<\/a>\t\t\t\t\t\t\t<\/h1>\n\t\t\t\t\t\t<div class=\"sp-pcp-post-content\">\n\t\t\t<p>Letzte Woche haben wir uns ganz bewusst Zeit genommen, um an f\u00fcr uns wichtigen Themen zu arbeiten: Unserer Unternehmenskultur und der\u00a0<\/p>\n\t\t<div class=\"sp-pcp-readmore\">\n\t\t\t\t\t\t\t<a class=\"pcp-readmore-link\" target=\"_self\" href=\"https:\/\/www.hofmann-spedition.de\/cms\/unternehmenskultur\/\" rel=nofollow>\n\t\t\t\t\t\tmehr <\/a>\n\t\t<\/div>\n\t\t\t\t\t<\/div>\n\t\t\t\t\t\t<\/div>\n\t\t<\/div>\n\t\t\t\t<div class=\" sp-pcp-col-xs-1 sp-pcp-col-sm-2 sp-pcp-col-md-2 sp-pcp-col-lg-3 sp-pcp-col-xl-3\">\n\t\t\t<div class=\"sp-pcp-post pcp-item-5577\" data-id=\"5577\">\n\t\t\t\t\t\t\t\t<div class=\"pcp-post-thumb-wrapper\">\n\t\t\t\t\t<div class=\"sp-pcp-post-thumb-area\">\n\t\t\t\t\t\t\t\t\t\t\t\t<a class=\"sp-pcp-thumb\" href=\"https:\/\/www.hofmann-spedition.de\/cms\/jetzt-gehts-auf-die-strasse\/\" target=\"_self\" rel=nofollow>\n\t\t\t\t\t\t\t\t\t\t\t\t\t<img loading=\"lazy\" decoding=\"async\" src=\"https:\/\/www.hofmann-spedition.de\/cms\/wp-content\/uploads\/2026\/03\/Scania-Neu.png\" width=\"768\" height=\"576\" alt=\"\">\n\t\t\t\t\t\t<\/a>\n\t\t\t\t\t<\/div>\n\t\t\t\t<\/div>\n\t\t\t\t\t\t\t<h1 class=\"sp-pcp-title\">\n\t\t\t\t\t\t\t\t\t<a href=\"https:\/\/www.hofmann-spedition.de\/cms\/jetzt-gehts-auf-die-strasse\/\" rel=nofollow target=\"_self\">Jetzt geht\u2019s auf die Stra\u00dfe<\/a>\t\t\t\t\t\t\t<\/h1>\n\t\t\t\t\t\t<div class=\"sp-pcp-post-content\">\n\t\t\t<p>Unser Fahrer Markus hat seinen neuen Scania \u00fcbernommen und damit gehen unsere neuen Scanias offiziell an den Start auf der Stra\u00dfe!<\/p>\n\t\t<div class=\"sp-pcp-readmore\">\n\t\t\t\t\t\t\t<a class=\"pcp-readmore-link\" target=\"_self\" href=\"https:\/\/www.hofmann-spedition.de\/cms\/jetzt-gehts-auf-die-strasse\/\" rel=nofollow>\n\t\t\t\t\t\tmehr <\/a>\n\t\t<\/div>\n\t\t\t\t\t<\/div>\n\t\t\t\t\t\t<\/div>\n\t\t<\/div>\n\t\t\t\t<div class=\" sp-pcp-col-xs-1 sp-pcp-col-sm-2 sp-pcp-col-md-2 sp-pcp-col-lg-3 sp-pcp-col-xl-3\">\n\t\t\t<div class=\"sp-pcp-post pcp-item-5542\" data-id=\"5542\">\n\t\t\t\t\t\t\t\t<div class=\"pcp-post-thumb-wrapper\">\n\t\t\t\t\t<div class=\"sp-pcp-post-thumb-area\">\n\t\t\t\t\t\t\t\t\t\t\t\t<a class=\"sp-pcp-thumb\" href=\"https:\/\/www.hofmann-spedition.de\/cms\/besuch-bei-der-firma-hofmann\/\" target=\"_self\" rel=nofollow>\n\t\t\t\t\t\t\t\t\t\t\t\t\t<img loading=\"lazy\" decoding=\"async\" src=\"https:\/\/www.hofmann-spedition.de\/cms\/wp-content\/uploads\/2026\/02\/Danke-Fastnacht-2026.png\" width=\"768\" height=\"576\" alt=\"\">\n\t\t\t\t\t\t<\/a>\n\t\t\t\t\t<\/div>\n\t\t\t\t<\/div>\n\t\t\t\t\t\t\t<h1 class=\"sp-pcp-title\">\n\t\t\t\t\t\t\t\t\t<a href=\"https:\/\/www.hofmann-spedition.de\/cms\/besuch-bei-der-firma-hofmann\/\" rel=nofollow target=\"_self\">Besuch bei der Firma Hofmann<\/a>\t\t\t\t\t\t\t<\/h1>\n\t\t\t\t\t\t<div class=\"sp-pcp-post-content\">\n\t\t\t<p>Am Montag durften wir uns \u00fcber besonderen Besuch freuen. Der Verein Biwwelser Babbel Dasche war bei uns in der Firma, um sich<\/p>\n\t\t<div class=\"sp-pcp-readmore\">\n\t\t\t\t\t\t\t<a class=\"pcp-readmore-link\" target=\"_self\" href=\"https:\/\/www.hofmann-spedition.de\/cms\/besuch-bei-der-firma-hofmann\/\" rel=nofollow>\n\t\t\t\t\t\tmehr <\/a>\n\t\t<\/div>\n\t\t\t\t\t<\/div>\n\t\t\t\t\t\t<\/div>\n\t\t<\/div>\n\t\t\t<\/div>\n\t\t<span class=\"sp-pcp-pagination-data\" style=\"display:none;\"><\/span>\n\n\t\t<nav class=\"pcp-post-pagination pcp-on-desktop\">\n\t\t\t<span aria-current=\"page\" class=\"page-numbers current\">1<\/span><a class=\"page-numbers\" href=\"https:\/\/www.hofmann-spedition.de\/cms\/wp-json\/wp\/v2\/pages\/220\/?paged1940=2\">2<\/a><a class=\"page-numbers\" href=\"https:\/\/www.hofmann-spedition.de\/cms\/wp-json\/wp\/v2\/pages\/220\/?paged1940=3\">3<\/a><a class=\"page-numbers\" href=\"https:\/\/www.hofmann-spedition.de\/cms\/wp-json\/wp\/v2\/pages\/220\/?paged1940=4\">4<\/a><a class=\"next page-numbers\" href=\"https:\/\/www.hofmann-spedition.de\/cms\/wp-json\/wp\/v2\/pages\/220\/?paged1940=2\"><i class=\"fa fa-angle-right\"><\/i><\/a>\t\t<\/nav>\n\t\t\t\t\t<nav class=\"pcp-post-pagination pcp-on-mobile\">\n\t\t\t<span aria-current=\"page\" class=\"page-numbers current\">1<\/span><a class=\"page-numbers\" href=\"https:\/\/www.hofmann-spedition.de\/cms\/wp-json\/wp\/v2\/pages\/220\/?paged1940=2\">2<\/a><a class=\"page-numbers\" href=\"https:\/\/www.hofmann-spedition.de\/cms\/wp-json\/wp\/v2\/pages\/220\/?paged1940=3\">3<\/a><a class=\"page-numbers\" href=\"https:\/\/www.hofmann-spedition.de\/cms\/wp-json\/wp\/v2\/pages\/220\/?paged1940=4\">4<\/a><a class=\"next page-numbers\" href=\"https:\/\/www.hofmann-spedition.de\/cms\/wp-json\/wp\/v2\/pages\/220\/?paged1940=2\"><i class=\"fa fa-angle-right\"><\/i><\/a>\t\t<\/nav>\n\t\t\t\t<\/div>\n\t\t\t\t\t<\/div>\n\t\t\t\t\t\t<\/div>\n\t\t\t\t<\/div>\n\t\t\t\t\t\t<\/div>\n\t\t\t\t\t<\/div>\n\t\t<\/div>\n\t\t\t\t\t\t\t\t<\/div>\n\t\t\t\t\t<\/div>\n\t\t<\/section>\n\t\t\t\t\t\t\t\t\t<\/div>\n\t\t\t<\/div>\n\t\t\t\t\t<\/div>\n\t\t","protected":false},"excerpt":{"rendered":"<p>News<\/p>\n","protected":false},"author":1,"featured_media":0,"parent":0,"menu_order":0,"comment_status":"closed","ping_status":"closed","template":"elementor_header_footer","meta":{"footnotes":""},"yoast_head":"<!-- This site is optimized with the Yoast SEO plugin v18.2 - https:\/\/yoast.com\/wordpress\/plugins\/seo\/ -->\n<title>News - Hofmann Internationale Spedition GmbH<\/title>\n<meta name=\"robots\" content=\"index, follow, max-snippet:-1, max-image-preview:large, max-video-preview:-1\" \/>\n<link rel=\"canonical\" href=\"https:\/\/www.hofmann-spedition.de\/cms\/news\/\" \/>\n<meta property=\"og:locale\" content=\"de_DE\" \/>\n<meta property=\"og:type\" content=\"article\" \/>\n<meta property=\"og:title\" content=\"News - Hofmann Internationale Spedition GmbH\" \/>\n<meta property=\"og:description\" content=\"News\" \/>\n<meta property=\"og:url\" content=\"https:\/\/www.hofmann-spedition.de\/cms\/news\/\" \/>\n<meta property=\"og:site_name\" content=\"Hofmann Internationale Spedition GmbH\" \/>\n<meta property=\"article:modified_time\" content=\"2021-02-24T20:31:51+00:00\" \/>\n<meta name=\"twitter:card\" content=\"summary_large_image\" \/>\n<script type=\"application\/ld+json\" class=\"yoast-schema-graph\">{\"@context\":\"https:\/\/schema.org\",\"@graph\":[{\"@type\":\"Organization\",\"@id\":\"https:\/\/www.hofmann-spedition.de\/cms\/#organization\",\"name\":\"Hofmann Internationale Spedition\",\"url\":\"https:\/\/www.hofmann-spedition.de\/cms\/\",\"sameAs\":[],\"logo\":{\"@type\":\"ImageObject\",\"@id\":\"https:\/\/www.hofmann-spedition.de\/cms\/#logo\",\"inLanguage\":\"de\",\"url\":\"https:\/\/www.hofmann-spedition.de\/cms\/wp-content\/uploads\/2020\/06\/his_logo.png\",\"contentUrl\":\"https:\/\/www.hofmann-spedition.de\/cms\/wp-content\/uploads\/2020\/06\/his_logo.png\",\"width\":410,\"height\":79,\"caption\":\"Hofmann Internationale Spedition\"},\"image\":{\"@id\":\"https:\/\/www.hofmann-spedition.de\/cms\/#logo\"}},{\"@type\":\"WebSite\",\"@id\":\"https:\/\/www.hofmann-spedition.de\/cms\/#website\",\"url\":\"https:\/\/www.hofmann-spedition.de\/cms\/\",\"name\":\"Hofmann Internationale Spedition GmbH\",\"description\":\"\",\"publisher\":{\"@id\":\"https:\/\/www.hofmann-spedition.de\/cms\/#organization\"},\"potentialAction\":[{\"@type\":\"SearchAction\",\"target\":{\"@type\":\"EntryPoint\",\"urlTemplate\":\"https:\/\/www.hofmann-spedition.de\/cms\/?s={search_term_string}\"},\"query-input\":\"required name=search_term_string\"}],\"inLanguage\":\"de\"},{\"@type\":\"WebPage\",\"@id\":\"https:\/\/www.hofmann-spedition.de\/cms\/news\/#webpage\",\"url\":\"https:\/\/www.hofmann-spedition.de\/cms\/news\/\",\"name\":\"News - Hofmann Internationale Spedition GmbH\",\"isPartOf\":{\"@id\":\"https:\/\/www.hofmann-spedition.de\/cms\/#website\"},\"datePublished\":\"2020-06-29T21:15:30+00:00\",\"dateModified\":\"2021-02-24T20:31:51+00:00\",\"breadcrumb\":{\"@id\":\"https:\/\/www.hofmann-spedition.de\/cms\/news\/#breadcrumb\"},\"inLanguage\":\"de\",\"potentialAction\":[{\"@type\":\"ReadAction\",\"target\":[\"https:\/\/www.hofmann-spedition.de\/cms\/news\/\"]}]},{\"@type\":\"BreadcrumbList\",\"@id\":\"https:\/\/www.hofmann-spedition.de\/cms\/news\/#breadcrumb\",\"itemListElement\":[{\"@type\":\"ListItem\",\"position\":1,\"name\":\"Startseite\",\"item\":\"https:\/\/www.hofmann-spedition.de\/cms\/\"},{\"@type\":\"ListItem\",\"position\":2,\"name\":\"News\"}]}]}<\/script>\n<!-- \/ Yoast SEO plugin. -->","yoast_head_json":{"title":"News - Hofmann Internationale Spedition GmbH","robots":{"index":"index","follow":"follow","max-snippet":"max-snippet:-1","max-image-preview":"max-image-preview:large","max-video-preview":"max-video-preview:-1"},"canonical":"https:\/\/www.hofmann-spedition.de\/cms\/news\/","og_locale":"de_DE","og_type":"article","og_title":"News - Hofmann Internationale Spedition GmbH","og_description":"News","og_url":"https:\/\/www.hofmann-spedition.de\/cms\/news\/","og_site_name":"Hofmann Internationale Spedition GmbH","article_modified_time":"2021-02-24T20:31:51+00:00","twitter_card":"summary_large_image","schema":{"@context":"https:\/\/schema.org","@graph":[{"@type":"Organization","@id":"https:\/\/www.hofmann-spedition.de\/cms\/#organization","name":"Hofmann Internationale Spedition","url":"https:\/\/www.hofmann-spedition.de\/cms\/","sameAs":[],"logo":{"@type":"ImageObject","@id":"https:\/\/www.hofmann-spedition.de\/cms\/#logo","inLanguage":"de","url":"https:\/\/www.hofmann-spedition.de\/cms\/wp-content\/uploads\/2020\/06\/his_logo.png","contentUrl":"https:\/\/www.hofmann-spedition.de\/cms\/wp-content\/uploads\/2020\/06\/his_logo.png","width":410,"height":79,"caption":"Hofmann Internationale Spedition"},"image":{"@id":"https:\/\/www.hofmann-spedition.de\/cms\/#logo"}},{"@type":"WebSite","@id":"https:\/\/www.hofmann-spedition.de\/cms\/#website","url":"https:\/\/www.hofmann-spedition.de\/cms\/","name":"Hofmann Internationale Spedition GmbH","description":"","publisher":{"@id":"https:\/\/www.hofmann-spedition.de\/cms\/#organization"},"potentialAction":[{"@type":"SearchAction","target":{"@type":"EntryPoint","urlTemplate":"https:\/\/www.hofmann-spedition.de\/cms\/?s={search_term_string}"},"query-input":"required name=search_term_string"}],"inLanguage":"de"},{"@type":"WebPage","@id":"https:\/\/www.hofmann-spedition.de\/cms\/news\/#webpage","url":"https:\/\/www.hofmann-spedition.de\/cms\/news\/","name":"News - Hofmann Internationale Spedition GmbH","isPartOf":{"@id":"https:\/\/www.hofmann-spedition.de\/cms\/#website"},"datePublished":"2020-06-29T21:15:30+00:00","dateModified":"2021-02-24T20:31:51+00:00","breadcrumb":{"@id":"https:\/\/www.hofmann-spedition.de\/cms\/news\/#breadcrumb"},"inLanguage":"de","potentialAction":[{"@type":"ReadAction","target":["https:\/\/www.hofmann-spedition.de\/cms\/news\/"]}]},{"@type":"BreadcrumbList","@id":"https:\/\/www.hofmann-spedition.de\/cms\/news\/#breadcrumb","itemListElement":[{"@type":"ListItem","position":1,"name":"Startseite","item":"https:\/\/www.hofmann-spedition.de\/cms\/"},{"@type":"ListItem","position":2,"name":"News"}]}]}},"_links":{"self":[{"href":"https:\/\/www.hofmann-spedition.de\/cms\/wp-json\/wp\/v2\/pages\/220"}],"collection":[{"href":"https:\/\/www.hofmann-spedition.de\/cms\/wp-json\/wp\/v2\/pages"}],"about":[{"href":"https:\/\/www.hofmann-spedition.de\/cms\/wp-json\/wp\/v2\/types\/page"}],"author":[{"embeddable":true,"href":"https:\/\/www.hofmann-spedition.de\/cms\/wp-json\/wp\/v2\/users\/1"}],"replies":[{"embeddable":true,"href":"https:\/\/www.hofmann-spedition.de\/cms\/wp-json\/wp\/v2\/comments?post=220"}],"version-history":[{"count":3,"href":"https:\/\/www.hofmann-spedition.de\/cms\/wp-json\/wp\/v2\/pages\/220\/revisions"}],"predecessor-version":[{"id":1943,"href":"https:\/\/www.hofmann-spedition.de\/cms\/wp-json\/wp\/v2\/pages\/220\/revisions\/1943"}],"wp:attachment":[{"href":"https:\/\/www.hofmann-spedition.de\/cms\/wp-json\/wp\/v2\/media?parent=220"}],"curies":[{"name":"wp","href":"https:\/\/api.w.org\/{rel}","templated":true}]}}