{"id":643,"date":"2020-07-14T23:53:49","date_gmt":"2020-07-14T21:53:49","guid":{"rendered":"http:\/\/hofmann-spedition.de\/cms\/?page_id=643"},"modified":"2022-07-11T11:48:23","modified_gmt":"2022-07-11T09:48:23","slug":"die-gruene-brummi-waesche","status":"publish","type":"page","link":"https:\/\/www.hofmann-spedition.de\/cms\/die-gruene-brummi-waesche\/","title":{"rendered":"LKW-Waschanlage"},"content":{"rendered":"\t\t<div data-elementor-type=\"wp-page\" data-elementor-id=\"643\" class=\"elementor elementor-643\">\n\t\t\t\t\t\t<div class=\"elementor-inner\">\n\t\t\t\t<div class=\"elementor-section-wrap\">\n\t\t\t\t\t\t\t\t\t<section class=\"elementor-section elementor-top-section elementor-element elementor-element-28245a97 elementor-section-stretched elementor-section-full_width elementor-section-height-default elementor-section-height-default\" data-id=\"28245a97\" data-element_type=\"section\" data-settings=\"{&quot;stretch_section&quot;:&quot;section-stretched&quot;}\">\n\t\t\t\t\t\t<div class=\"elementor-container elementor-column-gap-default\">\n\t\t\t\t\t\t\t<div class=\"elementor-row\">\n\t\t\t\t\t<div class=\"elementor-column elementor-col-100 elementor-top-column elementor-element elementor-element-e4b076d\" data-id=\"e4b076d\" data-element_type=\"column\">\n\t\t\t<div class=\"elementor-column-wrap elementor-element-populated\">\n\t\t\t\t\t\t\t<div class=\"elementor-widget-wrap\">\n\t\t\t\t\t\t\t\t<\/div>\n\t\t\t\t\t<\/div>\n\t\t<\/div>\n\t\t\t\t\t\t\t\t<\/div>\n\t\t\t\t\t<\/div>\n\t\t<\/section>\n\t\t\t\t<section class=\"elementor-section elementor-top-section elementor-element elementor-element-5e6717e elementor-section-stretched elementor-section-boxed elementor-section-height-default elementor-section-height-default\" data-id=\"5e6717e\" data-element_type=\"section\" data-settings=\"{&quot;stretch_section&quot;:&quot;section-stretched&quot;}\">\n\t\t\t\t\t\t<div class=\"elementor-container elementor-column-gap-default\">\n\t\t\t\t\t\t\t<div class=\"elementor-row\">\n\t\t\t\t\t<div class=\"elementor-column elementor-col-100 elementor-top-column elementor-element elementor-element-80690e7\" data-id=\"80690e7\" data-element_type=\"column\">\n\t\t\t<div class=\"elementor-column-wrap elementor-element-populated\">\n\t\t\t\t\t\t\t<div class=\"elementor-widget-wrap\">\n\t\t\t\t\t\t<div class=\"elementor-element elementor-element-28e407c elementor-widget elementor-widget-heading\" data-id=\"28e407c\" data-element_type=\"widget\" data-widget_type=\"heading.default\">\n\t\t\t\t<div class=\"elementor-widget-container\">\n\t\t\t<h1 class=\"elementor-heading-title elementor-size-default\">Die gr\u00fcne Brummi-W\u00e4sche<\/h1>\t\t<\/div>\n\t\t\t\t<\/div>\n\t\t\t\t<div class=\"elementor-element elementor-element-99b947b elementor-widget elementor-widget-heading\" data-id=\"99b947b\" data-element_type=\"widget\" data-widget_type=\"heading.default\">\n\t\t\t\t<div class=\"elementor-widget-container\">\n\t\t\t<h2 class=\"elementor-heading-title elementor-size-default\">Testen Sie uns \u2013 Green Logistics jetzt auch bei Ihrer Wagenpflege!<\/h2>\t\t<\/div>\n\t\t\t\t<\/div>\n\t\t\t\t<div class=\"elementor-element elementor-element-748f08a elementor-widget elementor-widget-text-editor\" data-id=\"748f08a\" data-element_type=\"widget\" data-widget_type=\"text-editor.default\">\n\t\t\t\t<div class=\"elementor-widget-container\">\n\t\t\t\t\t\t\t\t<div class=\"elementor-text-editor elementor-clearfix\">\n\t\t\t\t<p>Die \u00f6kologische Alternative f\u00fcr die Nutzfahrzeugw\u00e4sche in Ihrer N\u00e4he unter Einsatz alternativer Ressourcen und der absoluten Minimierung beim Einsatz von Chemie.<\/p><p>Das Ergebnis wird Sie \u00fcberzeugen.<br \/>Ein gl\u00e4nzender Auftritt Ihrer Nutzfahrzeuge mit Umweltbewusstsein, denn Nachhaltigkeit spielt auch bei der Fahrzeugw\u00e4sche eine Rolle.<\/p><p><strong>Hotline Brummi-W\u00e4sche:<\/strong><br \/>06258 \/ 804-408<\/p>\t\t\t\t\t<\/div>\n\t\t\t\t\t\t<\/div>\n\t\t\t\t<\/div>\n\t\t\t\t<div class=\"elementor-element elementor-element-1af4fa8 elementor-widget elementor-widget-image\" data-id=\"1af4fa8\" data-element_type=\"widget\" data-widget_type=\"image.default\">\n\t\t\t\t<div class=\"elementor-widget-container\">\n\t\t\t\t\t\t\t\t<div class=\"elementor-image\">\n\t\t\t\t\t\t\t\t\t\t\t\t<img loading=\"lazy\" decoding=\"async\" width=\"900\" height=\"368\" src=\"https:\/\/www.hofmann-spedition.de\/cms\/wp-content\/uploads\/2022\/07\/JPEG-Waschanlage.jpg\" class=\"attachment-full size-full\" alt=\"\" srcset=\"https:\/\/www.hofmann-spedition.de\/cms\/wp-content\/uploads\/2022\/07\/JPEG-Waschanlage.jpg 900w, https:\/\/www.hofmann-spedition.de\/cms\/wp-content\/uploads\/2022\/07\/JPEG-Waschanlage-300x123.jpg 300w, https:\/\/www.hofmann-spedition.de\/cms\/wp-content\/uploads\/2022\/07\/JPEG-Waschanlage-768x314.jpg 768w\" sizes=\"(max-width: 900px) 100vw, 900px\" \/>\t\t\t\t\t\t\t\t\t\t\t\t\t\t<\/div>\n\t\t\t\t\t\t<\/div>\n\t\t\t\t<\/div>\n\t\t\t\t\t\t<\/div>\n\t\t\t\t\t<\/div>\n\t\t<\/div>\n\t\t\t\t\t\t\t\t<\/div>\n\t\t\t\t\t<\/div>\n\t\t<\/section>\n\t\t\t\t<section class=\"elementor-section elementor-top-section elementor-element elementor-element-f9d4edd elementor-section-stretched elementor-section-boxed elementor-section-height-default elementor-section-height-default\" data-id=\"f9d4edd\" data-element_type=\"section\" data-settings=\"{&quot;stretch_section&quot;:&quot;section-stretched&quot;,&quot;background_background&quot;:&quot;classic&quot;}\">\n\t\t\t\t\t\t<div class=\"elementor-container elementor-column-gap-default\">\n\t\t\t\t\t\t\t<div class=\"elementor-row\">\n\t\t\t\t\t<div class=\"elementor-column elementor-col-100 elementor-top-column elementor-element elementor-element-6b50351\" data-id=\"6b50351\" data-element_type=\"column\">\n\t\t\t<div class=\"elementor-column-wrap elementor-element-populated\">\n\t\t\t\t\t\t\t<div class=\"elementor-widget-wrap\">\n\t\t\t\t\t\t<div class=\"elementor-element elementor-element-fd1f5fb elementor-widget elementor-widget-heading\" data-id=\"fd1f5fb\" data-element_type=\"widget\" data-widget_type=\"heading.default\">\n\t\t\t\t<div class=\"elementor-widget-container\">\n\t\t\t<h2 class=\"elementor-heading-title elementor-size-default\">Erfahren Sie mehr im aktuellen Flyer inkl. Preisliste! (Flottenrabatte auf Anfrage)<\/h2>\t\t<\/div>\n\t\t\t\t<\/div>\n\t\t\t\t<div class=\"elementor-element elementor-element-65ab0b4 elementor-align-center elementor-widget elementor-widget-button\" data-id=\"65ab0b4\" data-element_type=\"widget\" data-widget_type=\"button.default\">\n\t\t\t\t<div class=\"elementor-widget-container\">\n\t\t\t\t\t<div class=\"elementor-button-wrapper\">\n\t\t\t<a href=\"https:\/\/hofmann-spedition.de\/cms\/wp-content\/uploads\/2020\/12\/Folder_LD_Brummi-W\u00e4sche_02-2017.pdf\" target=\"_blank\" class=\"elementor-button-link elementor-button elementor-size-sm\" role=\"button\">\n\t\t\t\t\t\t<span class=\"elementor-button-content-wrapper\">\n\t\t\t\t\t\t<span class=\"elementor-button-text\">HIER mehr im aktuellen Flyer<\/span>\n\t\t<\/span>\n\t\t\t\t\t<\/a>\n\t\t<\/div>\n\t\t\t\t<\/div>\n\t\t\t\t<\/div>\n\t\t\t\t\t\t<\/div>\n\t\t\t\t\t<\/div>\n\t\t<\/div>\n\t\t\t\t\t\t\t\t<\/div>\n\t\t\t\t\t<\/div>\n\t\t<\/section>\n\t\t\t\t\t\t\t\t\t<\/div>\n\t\t\t<\/div>\n\t\t\t\t\t<\/div>\n\t\t","protected":false},"excerpt":{"rendered":"<p>Die gr\u00fcne Brummi-W\u00e4sche Testen Sie uns \u2013 Green Logistics jetzt auch bei Ihrer Wagenpflege! Die \u00f6kologische Alternative f\u00fcr die Nutzfahrzeugw\u00e4sche in Ihrer N\u00e4he unter Einsatz alternativer Ressourcen und der absoluten Minimierung beim Einsatz von Chemie. Das Ergebnis wird Sie \u00fcberzeugen.Ein gl\u00e4nzender Auftritt Ihrer Nutzfahrzeuge mit Umweltbewusstsein, denn Nachhaltigkeit spielt auch bei der Fahrzeugw\u00e4sche eine Rolle. [&hellip;]<\/p>\n","protected":false},"author":1,"featured_media":0,"parent":0,"menu_order":0,"comment_status":"closed","ping_status":"closed","template":"elementor_header_footer","meta":{"footnotes":""},"yoast_head":"<!-- This site is optimized with the Yoast SEO plugin v18.2 - https:\/\/yoast.com\/wordpress\/plugins\/seo\/ -->\n<title>LKW-Waschanlage - Hofmann Internationale Spedition GmbH<\/title>\n<meta name=\"robots\" content=\"index, follow, max-snippet:-1, max-image-preview:large, max-video-preview:-1\" \/>\n<link rel=\"canonical\" href=\"https:\/\/www.hofmann-spedition.de\/cms\/die-gruene-brummi-waesche\/\" \/>\n<meta property=\"og:locale\" content=\"de_DE\" \/>\n<meta property=\"og:type\" content=\"article\" \/>\n<meta property=\"og:title\" content=\"LKW-Waschanlage - Hofmann Internationale Spedition GmbH\" \/>\n<meta property=\"og:description\" content=\"Die gr\u00fcne Brummi-W\u00e4sche Testen Sie uns \u2013 Green Logistics jetzt auch bei Ihrer Wagenpflege! Die \u00f6kologische Alternative f\u00fcr die Nutzfahrzeugw\u00e4sche in Ihrer N\u00e4he unter Einsatz alternativer Ressourcen und der absoluten Minimierung beim Einsatz von Chemie. Das Ergebnis wird Sie \u00fcberzeugen.Ein gl\u00e4nzender Auftritt Ihrer Nutzfahrzeuge mit Umweltbewusstsein, denn Nachhaltigkeit spielt auch bei der Fahrzeugw\u00e4sche eine Rolle. [&hellip;]\" \/>\n<meta property=\"og:url\" content=\"https:\/\/www.hofmann-spedition.de\/cms\/die-gruene-brummi-waesche\/\" \/>\n<meta property=\"og:site_name\" content=\"Hofmann Internationale Spedition GmbH\" \/>\n<meta property=\"article:modified_time\" content=\"2022-07-11T09:48:23+00:00\" \/>\n<meta property=\"og:image\" content=\"https:\/\/www.hofmann-spedition.de\/cms\/wp-content\/uploads\/2022\/07\/JPEG-Waschanlage.jpg\" \/>\n<meta name=\"twitter:card\" content=\"summary_large_image\" \/>\n<meta name=\"twitter:label1\" content=\"Gesch\u00e4tzte Lesezeit\" \/>\n\t<meta name=\"twitter:data1\" content=\"1\u00a0Minute\" \/>\n<script type=\"application\/ld+json\" class=\"yoast-schema-graph\">{\"@context\":\"https:\/\/schema.org\",\"@graph\":[{\"@type\":\"Organization\",\"@id\":\"https:\/\/www.hofmann-spedition.de\/cms\/#organization\",\"name\":\"Hofmann Internationale Spedition\",\"url\":\"https:\/\/www.hofmann-spedition.de\/cms\/\",\"sameAs\":[],\"logo\":{\"@type\":\"ImageObject\",\"@id\":\"https:\/\/www.hofmann-spedition.de\/cms\/#logo\",\"inLanguage\":\"de\",\"url\":\"https:\/\/www.hofmann-spedition.de\/cms\/wp-content\/uploads\/2020\/06\/his_logo.png\",\"contentUrl\":\"https:\/\/www.hofmann-spedition.de\/cms\/wp-content\/uploads\/2020\/06\/his_logo.png\",\"width\":410,\"height\":79,\"caption\":\"Hofmann Internationale Spedition\"},\"image\":{\"@id\":\"https:\/\/www.hofmann-spedition.de\/cms\/#logo\"}},{\"@type\":\"WebSite\",\"@id\":\"https:\/\/www.hofmann-spedition.de\/cms\/#website\",\"url\":\"https:\/\/www.hofmann-spedition.de\/cms\/\",\"name\":\"Hofmann Internationale Spedition GmbH\",\"description\":\"\",\"publisher\":{\"@id\":\"https:\/\/www.hofmann-spedition.de\/cms\/#organization\"},\"potentialAction\":[{\"@type\":\"SearchAction\",\"target\":{\"@type\":\"EntryPoint\",\"urlTemplate\":\"https:\/\/www.hofmann-spedition.de\/cms\/?s={search_term_string}\"},\"query-input\":\"required name=search_term_string\"}],\"inLanguage\":\"de\"},{\"@type\":\"ImageObject\",\"@id\":\"https:\/\/www.hofmann-spedition.de\/cms\/die-gruene-brummi-waesche\/#primaryimage\",\"inLanguage\":\"de\",\"url\":\"https:\/\/www.hofmann-spedition.de\/cms\/wp-content\/uploads\/2022\/07\/JPEG-Waschanlage.jpg\",\"contentUrl\":\"https:\/\/www.hofmann-spedition.de\/cms\/wp-content\/uploads\/2022\/07\/JPEG-Waschanlage.jpg\",\"width\":900,\"height\":368},{\"@type\":\"WebPage\",\"@id\":\"https:\/\/www.hofmann-spedition.de\/cms\/die-gruene-brummi-waesche\/#webpage\",\"url\":\"https:\/\/www.hofmann-spedition.de\/cms\/die-gruene-brummi-waesche\/\",\"name\":\"LKW-Waschanlage - Hofmann Internationale Spedition GmbH\",\"isPartOf\":{\"@id\":\"https:\/\/www.hofmann-spedition.de\/cms\/#website\"},\"primaryImageOfPage\":{\"@id\":\"https:\/\/www.hofmann-spedition.de\/cms\/die-gruene-brummi-waesche\/#primaryimage\"},\"datePublished\":\"2020-07-14T21:53:49+00:00\",\"dateModified\":\"2022-07-11T09:48:23+00:00\",\"breadcrumb\":{\"@id\":\"https:\/\/www.hofmann-spedition.de\/cms\/die-gruene-brummi-waesche\/#breadcrumb\"},\"inLanguage\":\"de\",\"potentialAction\":[{\"@type\":\"ReadAction\",\"target\":[\"https:\/\/www.hofmann-spedition.de\/cms\/die-gruene-brummi-waesche\/\"]}]},{\"@type\":\"BreadcrumbList\",\"@id\":\"https:\/\/www.hofmann-spedition.de\/cms\/die-gruene-brummi-waesche\/#breadcrumb\",\"itemListElement\":[{\"@type\":\"ListItem\",\"position\":1,\"name\":\"Startseite\",\"item\":\"https:\/\/www.hofmann-spedition.de\/cms\/\"},{\"@type\":\"ListItem\",\"position\":2,\"name\":\"LKW-Waschanlage\"}]}]}<\/script>\n<!-- \/ Yoast SEO plugin. -->","yoast_head_json":{"title":"LKW-Waschanlage - Hofmann Internationale Spedition GmbH","robots":{"index":"index","follow":"follow","max-snippet":"max-snippet:-1","max-image-preview":"max-image-preview:large","max-video-preview":"max-video-preview:-1"},"canonical":"https:\/\/www.hofmann-spedition.de\/cms\/die-gruene-brummi-waesche\/","og_locale":"de_DE","og_type":"article","og_title":"LKW-Waschanlage - Hofmann Internationale Spedition GmbH","og_description":"Die gr\u00fcne Brummi-W\u00e4sche Testen Sie uns \u2013 Green Logistics jetzt auch bei Ihrer Wagenpflege! Die \u00f6kologische Alternative f\u00fcr die Nutzfahrzeugw\u00e4sche in Ihrer N\u00e4he unter Einsatz alternativer Ressourcen und der absoluten Minimierung beim Einsatz von Chemie. Das Ergebnis wird Sie \u00fcberzeugen.Ein gl\u00e4nzender Auftritt Ihrer Nutzfahrzeuge mit Umweltbewusstsein, denn Nachhaltigkeit spielt auch bei der Fahrzeugw\u00e4sche eine Rolle. [&hellip;]","og_url":"https:\/\/www.hofmann-spedition.de\/cms\/die-gruene-brummi-waesche\/","og_site_name":"Hofmann Internationale Spedition GmbH","article_modified_time":"2022-07-11T09:48:23+00:00","og_image":[{"url":"https:\/\/www.hofmann-spedition.de\/cms\/wp-content\/uploads\/2022\/07\/JPEG-Waschanlage.jpg"}],"twitter_card":"summary_large_image","twitter_misc":{"Gesch\u00e4tzte Lesezeit":"1\u00a0Minute"},"schema":{"@context":"https:\/\/schema.org","@graph":[{"@type":"Organization","@id":"https:\/\/www.hofmann-spedition.de\/cms\/#organization","name":"Hofmann Internationale Spedition","url":"https:\/\/www.hofmann-spedition.de\/cms\/","sameAs":[],"logo":{"@type":"ImageObject","@id":"https:\/\/www.hofmann-spedition.de\/cms\/#logo","inLanguage":"de","url":"https:\/\/www.hofmann-spedition.de\/cms\/wp-content\/uploads\/2020\/06\/his_logo.png","contentUrl":"https:\/\/www.hofmann-spedition.de\/cms\/wp-content\/uploads\/2020\/06\/his_logo.png","width":410,"height":79,"caption":"Hofmann Internationale Spedition"},"image":{"@id":"https:\/\/www.hofmann-spedition.de\/cms\/#logo"}},{"@type":"WebSite","@id":"https:\/\/www.hofmann-spedition.de\/cms\/#website","url":"https:\/\/www.hofmann-spedition.de\/cms\/","name":"Hofmann Internationale Spedition GmbH","description":"","publisher":{"@id":"https:\/\/www.hofmann-spedition.de\/cms\/#organization"},"potentialAction":[{"@type":"SearchAction","target":{"@type":"EntryPoint","urlTemplate":"https:\/\/www.hofmann-spedition.de\/cms\/?s={search_term_string}"},"query-input":"required name=search_term_string"}],"inLanguage":"de"},{"@type":"ImageObject","@id":"https:\/\/www.hofmann-spedition.de\/cms\/die-gruene-brummi-waesche\/#primaryimage","inLanguage":"de","url":"https:\/\/www.hofmann-spedition.de\/cms\/wp-content\/uploads\/2022\/07\/JPEG-Waschanlage.jpg","contentUrl":"https:\/\/www.hofmann-spedition.de\/cms\/wp-content\/uploads\/2022\/07\/JPEG-Waschanlage.jpg","width":900,"height":368},{"@type":"WebPage","@id":"https:\/\/www.hofmann-spedition.de\/cms\/die-gruene-brummi-waesche\/#webpage","url":"https:\/\/www.hofmann-spedition.de\/cms\/die-gruene-brummi-waesche\/","name":"LKW-Waschanlage - Hofmann Internationale Spedition GmbH","isPartOf":{"@id":"https:\/\/www.hofmann-spedition.de\/cms\/#website"},"primaryImageOfPage":{"@id":"https:\/\/www.hofmann-spedition.de\/cms\/die-gruene-brummi-waesche\/#primaryimage"},"datePublished":"2020-07-14T21:53:49+00:00","dateModified":"2022-07-11T09:48:23+00:00","breadcrumb":{"@id":"https:\/\/www.hofmann-spedition.de\/cms\/die-gruene-brummi-waesche\/#breadcrumb"},"inLanguage":"de","potentialAction":[{"@type":"ReadAction","target":["https:\/\/www.hofmann-spedition.de\/cms\/die-gruene-brummi-waesche\/"]}]},{"@type":"BreadcrumbList","@id":"https:\/\/www.hofmann-spedition.de\/cms\/die-gruene-brummi-waesche\/#breadcrumb","itemListElement":[{"@type":"ListItem","position":1,"name":"Startseite","item":"https:\/\/www.hofmann-spedition.de\/cms\/"},{"@type":"ListItem","position":2,"name":"LKW-Waschanlage"}]}]}},"_links":{"self":[{"href":"https:\/\/www.hofmann-spedition.de\/cms\/wp-json\/wp\/v2\/pages\/643"}],"collection":[{"href":"https:\/\/www.hofmann-spedition.de\/cms\/wp-json\/wp\/v2\/pages"}],"about":[{"href":"https:\/\/www.hofmann-spedition.de\/cms\/wp-json\/wp\/v2\/types\/page"}],"author":[{"embeddable":true,"href":"https:\/\/www.hofmann-spedition.de\/cms\/wp-json\/wp\/v2\/users\/1"}],"replies":[{"embeddable":true,"href":"https:\/\/www.hofmann-spedition.de\/cms\/wp-json\/wp\/v2\/comments?post=643"}],"version-history":[{"count":33,"href":"https:\/\/www.hofmann-spedition.de\/cms\/wp-json\/wp\/v2\/pages\/643\/revisions"}],"predecessor-version":[{"id":2997,"href":"https:\/\/www.hofmann-spedition.de\/cms\/wp-json\/wp\/v2\/pages\/643\/revisions\/2997"}],"wp:attachment":[{"href":"https:\/\/www.hofmann-spedition.de\/cms\/wp-json\/wp\/v2\/media?parent=643"}],"curies":[{"name":"wp","href":"https:\/\/api.w.org\/{rel}","templated":true}]}}