{"id":974,"date":"2020-09-22T13:43:21","date_gmt":"2020-09-22T11:43:21","guid":{"rendered":"http:\/\/hofmann-spedition.de\/cms\/?page_id=974"},"modified":"2021-03-14T17:57:47","modified_gmt":"2021-03-14T16:57:47","slug":"impressum","status":"publish","type":"page","link":"https:\/\/www.hofmann-spedition.de\/cms\/impressum\/","title":{"rendered":"Impressum"},"content":{"rendered":"\t\t<div data-elementor-type=\"wp-page\" data-elementor-id=\"974\" class=\"elementor elementor-974\">\n\t\t\t\t\t\t<div class=\"elementor-inner\">\n\t\t\t\t<div class=\"elementor-section-wrap\">\n\t\t\t\t\t\t\t\t\t<section class=\"elementor-section elementor-top-section elementor-element elementor-element-28245a97 elementor-section-boxed elementor-section-height-default elementor-section-height-default\" data-id=\"28245a97\" data-element_type=\"section\">\n\t\t\t\t\t\t<div class=\"elementor-container elementor-column-gap-default\">\n\t\t\t\t\t\t\t<div class=\"elementor-row\">\n\t\t\t\t\t<div class=\"elementor-column elementor-col-100 elementor-top-column elementor-element elementor-element-e4b076d\" data-id=\"e4b076d\" data-element_type=\"column\">\n\t\t\t<div class=\"elementor-column-wrap elementor-element-populated\">\n\t\t\t\t\t\t\t<div class=\"elementor-widget-wrap\">\n\t\t\t\t\t\t<div class=\"elementor-element elementor-element-48d00cf elementor-widget elementor-widget-spacer\" data-id=\"48d00cf\" data-element_type=\"widget\" data-widget_type=\"spacer.default\">\n\t\t\t\t<div class=\"elementor-widget-container\">\n\t\t\t\t\t<div class=\"elementor-spacer\">\n\t\t\t<div class=\"elementor-spacer-inner\"><\/div>\n\t\t<\/div>\n\t\t\t\t<\/div>\n\t\t\t\t<\/div>\n\t\t\t\t<div class=\"elementor-element elementor-element-28e407c elementor-widget elementor-widget-heading\" data-id=\"28e407c\" data-element_type=\"widget\" data-widget_type=\"heading.default\">\n\t\t\t\t<div class=\"elementor-widget-container\">\n\t\t\t<h1 class=\"elementor-heading-title elementor-size-default\">Impressum<\/h1>\t\t<\/div>\n\t\t\t\t<\/div>\n\t\t\t\t<div class=\"elementor-element elementor-element-92d0197 elementor-widget elementor-widget-heading\" data-id=\"92d0197\" data-element_type=\"widget\" data-widget_type=\"heading.default\">\n\t\t\t\t<div class=\"elementor-widget-container\">\n\t\t\t<h2 class=\"elementor-heading-title elementor-size-default\">Hofmann Internationale Spedition GmbH\n<\/h2>\t\t<\/div>\n\t\t\t\t<\/div>\n\t\t\t\t\t\t<\/div>\n\t\t\t\t\t<\/div>\n\t\t<\/div>\n\t\t\t\t\t\t\t\t<\/div>\n\t\t\t\t\t<\/div>\n\t\t<\/section>\n\t\t\t\t<section class=\"elementor-section elementor-top-section elementor-element elementor-element-86fd94d elementor-section-boxed elementor-section-height-default elementor-section-height-default\" data-id=\"86fd94d\" data-element_type=\"section\">\n\t\t\t\t\t\t<div class=\"elementor-container elementor-column-gap-default\">\n\t\t\t\t\t\t\t<div class=\"elementor-row\">\n\t\t\t\t\t<div class=\"elementor-column elementor-col-100 elementor-top-column elementor-element elementor-element-f54998c\" data-id=\"f54998c\" data-element_type=\"column\">\n\t\t\t<div class=\"elementor-column-wrap elementor-element-populated\">\n\t\t\t\t\t\t\t<div class=\"elementor-widget-wrap\">\n\t\t\t\t\t\t<div class=\"elementor-element elementor-element-4d87b51 elementor-widget elementor-widget-text-editor\" data-id=\"4d87b51\" data-element_type=\"widget\" data-widget_type=\"text-editor.default\">\n\t\t\t\t<div class=\"elementor-widget-container\">\n\t\t\t\t\t\t\t\t<div class=\"elementor-text-editor elementor-clearfix\">\n\t\t\t\t<p>An der Hohen Stra\u00dfe 6<br>\n64584 Biebesheim\/Rhein<\/p>\n<p>Tel.: 06258 \/ 804-0<br>\nFax.: 06258 \/ 804-111<br>\nE-Mail: info@hofmann-spedition.de<\/p>\n<p>Umschlagshalle + Produktionsgeb\u00e4ude<br>\nJustus-von-Liebig-Stra\u00dfe 8<\/p>\n<p>Gesch\u00e4ftsf\u00fchrer: Helmut Hofmann, Uwe Hofmann<br>\nAmtsgericht Darmstadt<br>\nUst.ID-Nr.: DE 164374166<\/p>\n<p>Sitz der Gesellschaft: 68584 Biebesheim am Rhein<br>\nAmtsgericht Darmstadt HRB 53316<br>\nInhaltl. verantwortlich: Stephen Bubenzer<\/p>\n<p>Haftungshinweis: Trotz sorgf\u00e4ltiger inhaltlicher Kontrolle \u00fcbernehmen wir keine Haftung f\u00fcr die Inhalte externer Links. F\u00fcr den Inhalt der verlinkten Seiten sind ausschlie\u00dflich deren Betreiber verantwortlich.<\/p>\n<p>Auf dieser Webseite verwendetes Bildmaterial: Frank Seifert Photographie \/ Foto-Design und Britta H\u00fcning (Familienfoto)<\/p>\t\t\t\t\t<\/div>\n\t\t\t\t\t\t<\/div>\n\t\t\t\t<\/div>\n\t\t\t\t\t\t<\/div>\n\t\t\t\t\t<\/div>\n\t\t<\/div>\n\t\t\t\t\t\t\t\t<\/div>\n\t\t\t\t\t<\/div>\n\t\t<\/section>\n\t\t\t\t\t\t\t\t\t<\/div>\n\t\t\t<\/div>\n\t\t\t\t\t<\/div>\n\t\t","protected":false},"excerpt":{"rendered":"<p>Impressum Hofmann Internationale Spedition GmbH An der Hohen Stra\u00dfe 6 64584 Biebesheim\/Rhein Tel.: 06258 \/ 804-0 Fax.: 06258 \/ 804-111 E-Mail: info@hofmann-spedition.de Umschlagshalle + Produktionsgeb\u00e4ude Justus-von-Liebig-Stra\u00dfe 8 Gesch\u00e4ftsf\u00fchrer: Helmut Hofmann, Uwe Hofmann Amtsgericht Darmstadt Ust.ID-Nr.: DE 164374166 Sitz der Gesellschaft: 68584 Biebesheim am Rhein Amtsgericht Darmstadt HRB 53316 Inhaltl. verantwortlich: Stephen Bubenzer Haftungshinweis: Trotz sorgf\u00e4ltiger [&hellip;]<\/p>\n","protected":false},"author":1,"featured_media":0,"parent":0,"menu_order":0,"comment_status":"closed","ping_status":"closed","template":"elementor_header_footer","meta":{"footnotes":""},"yoast_head":"<!-- This site is optimized with the Yoast SEO plugin v18.2 - https:\/\/yoast.com\/wordpress\/plugins\/seo\/ -->\n<title>Impressum - Hofmann Internationale Spedition GmbH<\/title>\n<meta name=\"robots\" content=\"index, follow, max-snippet:-1, max-image-preview:large, max-video-preview:-1\" \/>\n<link rel=\"canonical\" href=\"https:\/\/www.hofmann-spedition.de\/cms\/impressum\/\" \/>\n<meta property=\"og:locale\" content=\"de_DE\" \/>\n<meta property=\"og:type\" content=\"article\" \/>\n<meta property=\"og:title\" content=\"Impressum - Hofmann Internationale Spedition GmbH\" \/>\n<meta property=\"og:description\" content=\"Impressum Hofmann Internationale Spedition GmbH An der Hohen Stra\u00dfe 6 64584 Biebesheim\/Rhein Tel.: 06258 \/ 804-0 Fax.: 06258 \/ 804-111 E-Mail: info@hofmann-spedition.de Umschlagshalle + Produktionsgeb\u00e4ude Justus-von-Liebig-Stra\u00dfe 8 Gesch\u00e4ftsf\u00fchrer: Helmut Hofmann, Uwe Hofmann Amtsgericht Darmstadt Ust.ID-Nr.: DE 164374166 Sitz der Gesellschaft: 68584 Biebesheim am Rhein Amtsgericht Darmstadt HRB 53316 Inhaltl. verantwortlich: Stephen Bubenzer Haftungshinweis: Trotz sorgf\u00e4ltiger [&hellip;]\" \/>\n<meta property=\"og:url\" content=\"https:\/\/www.hofmann-spedition.de\/cms\/impressum\/\" \/>\n<meta property=\"og:site_name\" content=\"Hofmann Internationale Spedition GmbH\" \/>\n<meta property=\"article:modified_time\" content=\"2021-03-14T16:57:47+00:00\" \/>\n<meta name=\"twitter:card\" content=\"summary_large_image\" \/>\n<script type=\"application\/ld+json\" class=\"yoast-schema-graph\">{\"@context\":\"https:\/\/schema.org\",\"@graph\":[{\"@type\":\"Organization\",\"@id\":\"https:\/\/www.hofmann-spedition.de\/cms\/#organization\",\"name\":\"Hofmann Internationale Spedition\",\"url\":\"https:\/\/www.hofmann-spedition.de\/cms\/\",\"sameAs\":[],\"logo\":{\"@type\":\"ImageObject\",\"@id\":\"https:\/\/www.hofmann-spedition.de\/cms\/#logo\",\"inLanguage\":\"de\",\"url\":\"https:\/\/www.hofmann-spedition.de\/cms\/wp-content\/uploads\/2020\/06\/his_logo.png\",\"contentUrl\":\"https:\/\/www.hofmann-spedition.de\/cms\/wp-content\/uploads\/2020\/06\/his_logo.png\",\"width\":410,\"height\":79,\"caption\":\"Hofmann Internationale Spedition\"},\"image\":{\"@id\":\"https:\/\/www.hofmann-spedition.de\/cms\/#logo\"}},{\"@type\":\"WebSite\",\"@id\":\"https:\/\/www.hofmann-spedition.de\/cms\/#website\",\"url\":\"https:\/\/www.hofmann-spedition.de\/cms\/\",\"name\":\"Hofmann Internationale Spedition GmbH\",\"description\":\"\",\"publisher\":{\"@id\":\"https:\/\/www.hofmann-spedition.de\/cms\/#organization\"},\"potentialAction\":[{\"@type\":\"SearchAction\",\"target\":{\"@type\":\"EntryPoint\",\"urlTemplate\":\"https:\/\/www.hofmann-spedition.de\/cms\/?s={search_term_string}\"},\"query-input\":\"required name=search_term_string\"}],\"inLanguage\":\"de\"},{\"@type\":\"WebPage\",\"@id\":\"https:\/\/www.hofmann-spedition.de\/cms\/impressum\/#webpage\",\"url\":\"https:\/\/www.hofmann-spedition.de\/cms\/impressum\/\",\"name\":\"Impressum - Hofmann Internationale Spedition GmbH\",\"isPartOf\":{\"@id\":\"https:\/\/www.hofmann-spedition.de\/cms\/#website\"},\"datePublished\":\"2020-09-22T11:43:21+00:00\",\"dateModified\":\"2021-03-14T16:57:47+00:00\",\"breadcrumb\":{\"@id\":\"https:\/\/www.hofmann-spedition.de\/cms\/impressum\/#breadcrumb\"},\"inLanguage\":\"de\",\"potentialAction\":[{\"@type\":\"ReadAction\",\"target\":[\"https:\/\/www.hofmann-spedition.de\/cms\/impressum\/\"]}]},{\"@type\":\"BreadcrumbList\",\"@id\":\"https:\/\/www.hofmann-spedition.de\/cms\/impressum\/#breadcrumb\",\"itemListElement\":[{\"@type\":\"ListItem\",\"position\":1,\"name\":\"Startseite\",\"item\":\"https:\/\/www.hofmann-spedition.de\/cms\/\"},{\"@type\":\"ListItem\",\"position\":2,\"name\":\"Impressum\"}]}]}<\/script>\n<!-- \/ Yoast SEO plugin. -->","yoast_head_json":{"title":"Impressum - Hofmann Internationale Spedition GmbH","robots":{"index":"index","follow":"follow","max-snippet":"max-snippet:-1","max-image-preview":"max-image-preview:large","max-video-preview":"max-video-preview:-1"},"canonical":"https:\/\/www.hofmann-spedition.de\/cms\/impressum\/","og_locale":"de_DE","og_type":"article","og_title":"Impressum - Hofmann Internationale Spedition GmbH","og_description":"Impressum Hofmann Internationale Spedition GmbH An der Hohen Stra\u00dfe 6 64584 Biebesheim\/Rhein Tel.: 06258 \/ 804-0 Fax.: 06258 \/ 804-111 E-Mail: info@hofmann-spedition.de Umschlagshalle + Produktionsgeb\u00e4ude Justus-von-Liebig-Stra\u00dfe 8 Gesch\u00e4ftsf\u00fchrer: Helmut Hofmann, Uwe Hofmann Amtsgericht Darmstadt Ust.ID-Nr.: DE 164374166 Sitz der Gesellschaft: 68584 Biebesheim am Rhein Amtsgericht Darmstadt HRB 53316 Inhaltl. verantwortlich: Stephen Bubenzer Haftungshinweis: Trotz sorgf\u00e4ltiger [&hellip;]","og_url":"https:\/\/www.hofmann-spedition.de\/cms\/impressum\/","og_site_name":"Hofmann Internationale Spedition GmbH","article_modified_time":"2021-03-14T16:57:47+00:00","twitter_card":"summary_large_image","schema":{"@context":"https:\/\/schema.org","@graph":[{"@type":"Organization","@id":"https:\/\/www.hofmann-spedition.de\/cms\/#organization","name":"Hofmann Internationale Spedition","url":"https:\/\/www.hofmann-spedition.de\/cms\/","sameAs":[],"logo":{"@type":"ImageObject","@id":"https:\/\/www.hofmann-spedition.de\/cms\/#logo","inLanguage":"de","url":"https:\/\/www.hofmann-spedition.de\/cms\/wp-content\/uploads\/2020\/06\/his_logo.png","contentUrl":"https:\/\/www.hofmann-spedition.de\/cms\/wp-content\/uploads\/2020\/06\/his_logo.png","width":410,"height":79,"caption":"Hofmann Internationale Spedition"},"image":{"@id":"https:\/\/www.hofmann-spedition.de\/cms\/#logo"}},{"@type":"WebSite","@id":"https:\/\/www.hofmann-spedition.de\/cms\/#website","url":"https:\/\/www.hofmann-spedition.de\/cms\/","name":"Hofmann Internationale Spedition GmbH","description":"","publisher":{"@id":"https:\/\/www.hofmann-spedition.de\/cms\/#organization"},"potentialAction":[{"@type":"SearchAction","target":{"@type":"EntryPoint","urlTemplate":"https:\/\/www.hofmann-spedition.de\/cms\/?s={search_term_string}"},"query-input":"required name=search_term_string"}],"inLanguage":"de"},{"@type":"WebPage","@id":"https:\/\/www.hofmann-spedition.de\/cms\/impressum\/#webpage","url":"https:\/\/www.hofmann-spedition.de\/cms\/impressum\/","name":"Impressum - Hofmann Internationale Spedition GmbH","isPartOf":{"@id":"https:\/\/www.hofmann-spedition.de\/cms\/#website"},"datePublished":"2020-09-22T11:43:21+00:00","dateModified":"2021-03-14T16:57:47+00:00","breadcrumb":{"@id":"https:\/\/www.hofmann-spedition.de\/cms\/impressum\/#breadcrumb"},"inLanguage":"de","potentialAction":[{"@type":"ReadAction","target":["https:\/\/www.hofmann-spedition.de\/cms\/impressum\/"]}]},{"@type":"BreadcrumbList","@id":"https:\/\/www.hofmann-spedition.de\/cms\/impressum\/#breadcrumb","itemListElement":[{"@type":"ListItem","position":1,"name":"Startseite","item":"https:\/\/www.hofmann-spedition.de\/cms\/"},{"@type":"ListItem","position":2,"name":"Impressum"}]}]}},"_links":{"self":[{"href":"https:\/\/www.hofmann-spedition.de\/cms\/wp-json\/wp\/v2\/pages\/974"}],"collection":[{"href":"https:\/\/www.hofmann-spedition.de\/cms\/wp-json\/wp\/v2\/pages"}],"about":[{"href":"https:\/\/www.hofmann-spedition.de\/cms\/wp-json\/wp\/v2\/types\/page"}],"author":[{"embeddable":true,"href":"https:\/\/www.hofmann-spedition.de\/cms\/wp-json\/wp\/v2\/users\/1"}],"replies":[{"embeddable":true,"href":"https:\/\/www.hofmann-spedition.de\/cms\/wp-json\/wp\/v2\/comments?post=974"}],"version-history":[{"count":5,"href":"https:\/\/www.hofmann-spedition.de\/cms\/wp-json\/wp\/v2\/pages\/974\/revisions"}],"predecessor-version":[{"id":2232,"href":"https:\/\/www.hofmann-spedition.de\/cms\/wp-json\/wp\/v2\/pages\/974\/revisions\/2232"}],"wp:attachment":[{"href":"https:\/\/www.hofmann-spedition.de\/cms\/wp-json\/wp\/v2\/media?parent=974"}],"curies":[{"name":"wp","href":"https:\/\/api.w.org\/{rel}","templated":true}]}}